{"id":6635,"date":"2025-01-02T13:46:03","date_gmt":"2025-01-02T18:46:03","guid":{"rendered":"https:\/\/continentalconveyor.ca\/a-propos\/"},"modified":"2026-01-16T14:34:00","modified_gmt":"2026-01-16T19:34:00","slug":"a-propos","status":"publish","type":"page","link":"https:\/\/continentalconveyor.ca\/fr\/a-propos\/","title":{"rendered":"\u00c0 propos"},"content":{"rendered":"<p><div class=\"fusion-fullwidth fullwidth-box fusion-builder-row-1 fusion-flex-container has-pattern-background has-mask-background hundred-percent-fullwidth non-hundred-percent-height-scrolling hero\" style=\"--awb-border-radius-top-left:0px;--awb-border-radius-top-right:0px;--awb-border-radius-bottom-right:0px;--awb-border-radius-bottom-left:0px;--awb-padding-top:0px;--awb-padding-right:0px;--awb-padding-bottom:0px;--awb-padding-left:0px;--awb-padding-top-small:0px;--awb-padding-right-small:0px;--awb-padding-bottom-small:0px;--awb-padding-left-small:0px;--awb-margin-top:0px;--awb-margin-bottom:0px;--awb-flex-wrap:wrap;\" ><div class=\"fusion-builder-row fusion-row fusion-flex-align-items-flex-start fusion-flex-content-wrap\" style=\"width:calc( 100% + 0px ) !important;max-width:calc( 100% + 0px ) !important;margin-left: calc(-0px \/ 2 );margin-right: calc(-0px \/ 2 );\"><div class=\"fusion-layout-column fusion_builder_column fusion-builder-column-0 fusion_builder_column_1_1 1_1 fusion-flex-column\" style=\"--awb-bg-size:cover;--awb-width-large:100%;--awb-margin-top-large:0px;--awb-spacing-right-large:0px;--awb-margin-bottom-large:20px;--awb-spacing-left-large:0px;--awb-width-medium:100%;--awb-order-medium:0;--awb-spacing-right-medium:0px;--awb-spacing-left-medium:0px;--awb-width-small:100%;--awb-order-small:0;--awb-spacing-right-small:0px;--awb-spacing-left-small:0px;\"><div class=\"fusion-column-wrapper fusion-column-has-shadow fusion-flex-justify-content-flex-start fusion-content-layout-column\"><div class=\"fusion-image-element \" style=\"--awb-caption-title-font-family:var(--h2_typography-font-family);--awb-caption-title-font-weight:var(--h2_typography-font-weight);--awb-caption-title-font-style:var(--h2_typography-font-style);--awb-caption-title-size:var(--h2_typography-font-size);--awb-caption-title-transform:var(--h2_typography-text-transform);--awb-caption-title-line-height:var(--h2_typography-line-height);--awb-caption-title-letter-spacing:var(--h2_typography-letter-spacing);\"><span class=\" fusion-imageframe imageframe-none imageframe-1 hover-type-none\"><img decoding=\"async\" width=\"2560\" height=\"865\" title=\"Gravel being loaded onto a freighter\" src=\"https:\/\/continentalconveyor.ca\/wp-content\/uploads\/2025\/07\/Gravel-being-loaded-onto-a-freighter-scaled.jpg\" alt class=\"img-responsive wp-image-2581\" srcset=\"https:\/\/continentalconveyor.ca\/wp-content\/uploads\/2025\/07\/Gravel-being-loaded-onto-a-freighter-200x68.jpg 200w, https:\/\/continentalconveyor.ca\/wp-content\/uploads\/2025\/07\/Gravel-being-loaded-onto-a-freighter-400x135.jpg 400w, https:\/\/continentalconveyor.ca\/wp-content\/uploads\/2025\/07\/Gravel-being-loaded-onto-a-freighter-600x203.jpg 600w, https:\/\/continentalconveyor.ca\/wp-content\/uploads\/2025\/07\/Gravel-being-loaded-onto-a-freighter-800x270.jpg 800w, https:\/\/continentalconveyor.ca\/wp-content\/uploads\/2025\/07\/Gravel-being-loaded-onto-a-freighter-1200x405.jpg 1200w, https:\/\/continentalconveyor.ca\/wp-content\/uploads\/2025\/07\/Gravel-being-loaded-onto-a-freighter-scaled.jpg 2560w\" sizes=\"(max-width: 640px) 100vw, 2560px\" \/><\/span><\/div><\/div><\/div><\/div><\/div><div class=\"fusion-fullwidth fullwidth-box fusion-builder-row-2 fusion-flex-container has-pattern-background has-mask-background nonhundred-percent-fullwidth non-hundred-percent-height-scrolling\" style=\"--awb-border-radius-top-left:0px;--awb-border-radius-top-right:0px;--awb-border-radius-bottom-right:0px;--awb-border-radius-bottom-left:0px;--awb-flex-wrap:wrap;\" ><div class=\"fusion-builder-row fusion-row fusion-flex-align-items-flex-start fusion-flex-content-wrap\" style=\"max-width:1248px;margin-left: calc(-4% \/ 2 );margin-right: calc(-4% \/ 2 );\"><div class=\"fusion-layout-column fusion_builder_column fusion-builder-column-1 awb-sticky awb-sticky-medium awb-sticky-large fusion_builder_column_1_3 1_3 fusion-flex-column\" style=\"--awb-bg-size:cover;--awb-width-large:33.333333333333%;--awb-margin-top-large:0px;--awb-spacing-right-large:5.76%;--awb-margin-bottom-large:20px;--awb-spacing-left-large:5.76%;--awb-width-medium:33.333333333333%;--awb-order-medium:0;--awb-spacing-right-medium:5.76%;--awb-spacing-left-medium:5.76%;--awb-width-small:100%;--awb-order-small:0;--awb-spacing-right-small:1.92%;--awb-spacing-left-small:1.92%;--awb-sticky-offset:40px;\" data-scroll-devices=\"small-visibility,medium-visibility,large-visibility\"><div class=\"fusion-column-wrapper fusion-column-has-shadow fusion-flex-justify-content-flex-start fusion-content-layout-column\"><div class=\"fusion-title title fusion-title-1 fusion-sep-none fusion-title-text fusion-title-size-two\"><h2 class=\"fusion-title-heading title-heading-left fusion-responsive-typography-calculated\" style=\"margin:0;--fontSize:35;line-height:1.2;\">\u00c0 propos<\/h2><\/div><div class=\"fusion-text fusion-text-1 page-anchors\" style=\"--awb-text-font-family:&quot;Inter&quot;;--awb-text-font-style:normal;--awb-text-font-weight:600;\"><p><a href=\"#what-we-do\">Ce que nous faisons<\/a><\/p>\n<p><a href=\"#mission\">Notre mission<\/a><\/p>\n<p><a href=\"#founding\">Historique<\/a><\/p>\n<\/div><\/div><\/div><div class=\"fusion-layout-column fusion_builder_column fusion-builder-column-2 fusion_builder_column_2_3 2_3 fusion-flex-column\" style=\"--awb-bg-size:cover;--awb-width-large:66.666666666667%;--awb-margin-top-large:0px;--awb-spacing-right-large:2.88%;--awb-margin-bottom-large:20px;--awb-spacing-left-large:2.88%;--awb-width-medium:66.666666666667%;--awb-order-medium:0;--awb-spacing-right-medium:2.88%;--awb-spacing-left-medium:2.88%;--awb-width-small:100%;--awb-order-small:0;--awb-spacing-right-small:1.92%;--awb-spacing-left-small:1.92%;\"><div class=\"fusion-column-wrapper fusion-column-has-shadow fusion-flex-justify-content-flex-start fusion-content-layout-column\"><div class=\"fusion-text fusion-text-2\" style=\"--awb-margin-top:-2.5em;\"><h3 id=\"what-we-do\">Ce que nous faisons<\/h3>\n<p><b>Experts et innovateurs en syst\u00e8mes de manutention de produits en vrac \u00e0 l\u2019\u00e9chelle mondiale<\/b><\/p>\n<div id=\"lipsum\">\n<p>Fort de plus de soixante ans d&rsquo;exp\u00e9rience, Continental Conveyor con\u00e7oit, fabrique et d\u00e9ploie l&rsquo;une des gammes d&rsquo;\u00e9quipements de manutention m\u00e9canique les plus compl\u00e8tes de l&rsquo;industrie.<\/p>\n<p>De l\u2019exploitation mini\u00e8re \u00e0 la production de ciment, en passant par les p\u00e2tes et papiers, le bois d&rsquo;ing\u00e9nierie, les biocarburants et les installations portuaires, nous apportons un savoir-faire in\u00e9gal\u00e9 \u00e0 chaque projet.<\/p>\n<p>Avec des dizaines de milliers d&rsquo;installations r\u00e9ussies \u00e0 travers le monde, nous livrons des solutions rentables, performantes et respectueuses de l&rsquo;environnement pour une multitude d&rsquo;applications industrielles diversifi\u00e9es.<\/p>\n<p>Notre capacit\u00e9 de r\u00e9alisation repose sur une infrastructure de pointe : nos usines totalisent plus de 100 000 pi\u00b2 d&rsquo;espace de production couvert, abritant un parc de machines modernes et sp\u00e9cialis\u00e9es.<\/p>\n<p>C&rsquo;est au sein de ces installations que nos d\u00e9partements d&rsquo;ing\u00e9nierie donnent vie \u00e0 des syst\u00e8mes (qu&rsquo;ils soient standards ou sur mesure) r\u00e9pondant aux exigences les plus strictes de nos clients. Pour garantir une pr\u00e9cision absolue, nous utilisons les logiciels de mod\u00e9lisation 3D les plus avanc\u00e9s, incluant les simulations par \u00e9l\u00e9ments finis (FEM) et par \u00e9l\u00e9ments discrets (DEM).<\/p>\n<p>Cette excellence technique est encadr\u00e9e par une rigueur op\u00e9rationnelle sans compromis. Notre engagement envers la qualit\u00e9 est assur\u00e9 par un syst\u00e8me certifi\u00e9 ISO 9001, en place depuis 2001, garantissant la fiabilit\u00e9 de chaque composant qui sort de nos ateliers. Au-del\u00e0 de la technologie, nous croyons fermement que notre r\u00e9ussite repose sur la force de nos liens : nos clients deviennent de v\u00e9ritables partenaires, et la p\u00e9rennit\u00e9 de ces relations demeure notre priorit\u00e9 absolue.<\/p>\n<p>Our clients become our partners, and these relationships are paramount to our success.<\/p>\n<h3 id=\"founding\">Notre mission<\/h3>\n<p><span style=\"background-color: rgba(0, 0, 0, 0);\">D\u00e9passer les attentes de nos clients en concevant et produisant des \u00e9quipements de haute pr\u00e9cision dans un environnement s\u00e9curitaire et productif. Nous misons sur l\u2019innovation continue pour maximiser la performance et la durabilit\u00e9 de nos produits. Cette excellence profite directement \u00e0 nos clients, mais aussi \u00e0 nos employ\u00e9s \u2014 notre actif le plus pr\u00e9cieux \u2014 ainsi qu\u2019\u00e0 leurs familles et \u00e0 la communaut\u00e9.<\/span><\/p>\n<h3 id=\"mission\">Historique<\/h3>\n<p><span style=\"background-color: rgba(0, 0, 0, 0);\">Fond\u00e9e en 1963 par William G. Lynn, Continental Conveyor a d\u00e9but\u00e9 comme fournisseur principal d\u2019\u00e9quipements de broyage sp\u00e9cialis\u00e9s pour l\u2019industrie mondiale de l\u2019amiante. \u00c0 la fin des ann\u00e9es 70, l\u2019entreprise a su pivoter strat\u00e9giquement vers d\u2019autres secteurs miniers, la m\u00e9tallurgie, les produits forestiers et l\u2019\u00e9nergie biomasse.<\/span><\/p>\n<p>Au fil des d\u00e9cennies, nous avons agrandi nos installations et diversifi\u00e9 nos lignes de produits pour offrir aujourd&rsquo;hui l&rsquo;un des catalogues les plus vastes du march\u00e9, disponible aupr\u00e8s d&rsquo;une source unique.<\/p>\n<p>Aujourd\u2019hui, les \u00e9quipements Continental sont en op\u00e9ration sur six continents.<\/p>\n<\/div>\n<\/div><\/div><\/div><\/div><\/div><div class=\"fusion-fullwidth fullwidth-box fusion-builder-row-3 fusion-flex-container has-pattern-background has-mask-background nonhundred-percent-fullwidth non-hundred-percent-height-scrolling\" style=\"--awb-border-radius-top-left:0px;--awb-border-radius-top-right:0px;--awb-border-radius-bottom-right:0px;--awb-border-radius-bottom-left:0px;--awb-padding-top-small:2.5em;--awb-padding-bottom-small:2.5em;--awb-background-color:var(--awb-color2);--awb-flex-wrap:wrap;\" ><div class=\"fusion-builder-row fusion-row fusion-flex-align-items-flex-start fusion-flex-justify-content-center fusion-flex-content-wrap\" style=\"max-width:1248px;margin-left: calc(-4% \/ 2 );margin-right: calc(-4% \/ 2 );\"><div class=\"fusion-layout-column fusion_builder_column fusion-builder-column-3 fusion_builder_column_3_5 3_5 fusion-flex-column\" style=\"--awb-bg-size:cover;--awb-width-large:60%;--awb-margin-top-large:0px;--awb-spacing-right-large:3.2%;--awb-margin-bottom-large:20px;--awb-spacing-left-large:3.2%;--awb-width-medium:60%;--awb-order-medium:0;--awb-spacing-right-medium:3.2%;--awb-spacing-left-medium:3.2%;--awb-width-small:100%;--awb-order-small:0;--awb-spacing-right-small:1.92%;--awb-spacing-left-small:1.92%;\"><div class=\"fusion-column-wrapper fusion-column-has-shadow fusion-flex-justify-content-flex-start fusion-content-layout-column\"><div class=\"fusion-title title fusion-title-2 fusion-sep-none fusion-title-center fusion-title-text fusion-title-size-four\"><h4 class=\"fusion-title-heading title-heading-center fusion-responsive-typography-calculated\" style=\"margin:0;--fontSize:26;line-height:var(--awb-typography1-line-height);\">Vous cherchez plus d&rsquo;informations ?<\/h4><\/div><div class=\"fusion-text fusion-text-3\" style=\"--awb-content-alignment:center;\"><p>Contactez-nous pour un devis gratuit et profitez de notre vaste exp\u00e9rience intersectorielle dans la manipulation de mat\u00e9riaux en vrac.<\/p>\n<\/div><div style=\"text-align:center;\"><a class=\"fusion-button button-flat fusion-button-default-size button-default fusion-button-default button-1 fusion-button-default-span fusion-button-default-type\" target=\"_self\" href=\"https:\/\/continentalconveyor.ca\/fr\/nous-joindre\/\"><span class=\"fusion-button-text awb-button__text awb-button__text--default\">Nous joindre<\/span><\/a><\/div><\/div><\/div><\/div><\/div><\/p>\n","protected":false},"excerpt":{"rendered":"","protected":false},"author":1,"featured_media":0,"parent":0,"menu_order":0,"comment_status":"closed","ping_status":"closed","template":"100-width.php","meta":{"_acf_changed":false,"footnotes":""},"class_list":["post-6635","page","type-page","status-publish","hentry"],"acf":[],"_links":{"self":[{"href":"https:\/\/continentalconveyor.ca\/fr\/wp-json\/wp\/v2\/pages\/6635","targetHints":{"allow":["GET"]}}],"collection":[{"href":"https:\/\/continentalconveyor.ca\/fr\/wp-json\/wp\/v2\/pages"}],"about":[{"href":"https:\/\/continentalconveyor.ca\/fr\/wp-json\/wp\/v2\/types\/page"}],"author":[{"embeddable":true,"href":"https:\/\/continentalconveyor.ca\/fr\/wp-json\/wp\/v2\/users\/1"}],"replies":[{"embeddable":true,"href":"https:\/\/continentalconveyor.ca\/fr\/wp-json\/wp\/v2\/comments?post=6635"}],"version-history":[{"count":5,"href":"https:\/\/continentalconveyor.ca\/fr\/wp-json\/wp\/v2\/pages\/6635\/revisions"}],"predecessor-version":[{"id":6699,"href":"https:\/\/continentalconveyor.ca\/fr\/wp-json\/wp\/v2\/pages\/6635\/revisions\/6699"}],"wp:attachment":[{"href":"https:\/\/continentalconveyor.ca\/fr\/wp-json\/wp\/v2\/media?parent=6635"}],"curies":[{"name":"wp","href":"https:\/\/api.w.org\/{rel}","templated":true}]}}