{"id":6650,"date":"2025-01-02T13:46:45","date_gmt":"2025-01-02T18:46:45","guid":{"rendered":"https:\/\/continentalconveyor.ca\/nous-joindre\/"},"modified":"2026-02-13T09:30:16","modified_gmt":"2026-02-13T14:30:16","slug":"nous-joindre","status":"publish","type":"page","link":"https:\/\/continentalconveyor.ca\/fr\/nous-joindre\/","title":{"rendered":"Nous joindre"},"content":{"rendered":"<p><div class=\"fusion-fullwidth fullwidth-box fusion-builder-row-1 fusion-flex-container has-pattern-background has-mask-background nonhundred-percent-fullwidth non-hundred-percent-height-scrolling\" style=\"--awb-border-radius-top-left:0px;--awb-border-radius-top-right:0px;--awb-border-radius-bottom-right:0px;--awb-border-radius-bottom-left:0px;--awb-padding-top:4.5em;--awb-padding-bottom:2em;--awb-background-color:var(--awb-color2);--awb-flex-wrap:wrap;\" ><div class=\"fusion-builder-row fusion-row fusion-flex-align-items-flex-start fusion-flex-content-wrap\" style=\"max-width:1296px;margin-left: calc(-8% \/ 2 );margin-right: calc(-8% \/ 2 );\"><div class=\"fusion-layout-column fusion_builder_column fusion-builder-column-0 fusion_builder_column_2_3 2_3 fusion-flex-column\" style=\"--awb-bg-size:cover;--awb-width-large:66.666666666667%;--awb-margin-top-large:0px;--awb-spacing-right-large:5.52%;--awb-margin-bottom-large:0px;--awb-spacing-left-large:5.52%;--awb-width-medium:66.666666666667%;--awb-order-medium:0;--awb-spacing-right-medium:5.52%;--awb-spacing-left-medium:5.52%;--awb-width-small:100%;--awb-order-small:0;--awb-spacing-right-small:3.68%;--awb-spacing-left-small:3.68%;\" data-scroll-devices=\"small-visibility,medium-visibility,large-visibility\"><div class=\"fusion-column-wrapper fusion-column-has-shadow fusion-flex-justify-content-flex-start fusion-content-layout-column\"><div class=\"fusion-title title fusion-title-1 fusion-sep-none fusion-title-text fusion-title-size-two\"><h2 class=\"fusion-title-heading title-heading-left fusion-responsive-typography-calculated\" style=\"margin:0;--fontSize:35;line-height:1.2;\">Nous joindre<\/h2><\/div><\/div><\/div><div class=\"fusion-layout-column fusion_builder_column fusion-builder-column-1 fusion_builder_column_1_2 1_2 fusion-flex-column\" style=\"--awb-bg-size:cover;--awb-width-large:50%;--awb-margin-top-large:0px;--awb-spacing-right-large:7.36%;--awb-margin-bottom-large:3em;--awb-spacing-left-large:7.36%;--awb-width-medium:50%;--awb-order-medium:1;--awb-spacing-right-medium:7.36%;--awb-spacing-left-medium:7.36%;--awb-width-small:100%;--awb-order-small:1;--awb-spacing-right-small:3.68%;--awb-margin-bottom-small:2em;--awb-spacing-left-small:3.68%;\" data-scroll-devices=\"small-visibility,medium-visibility,large-visibility\"><div class=\"fusion-column-wrapper fusion-column-has-shadow fusion-flex-justify-content-flex-start fusion-content-layout-column\"><div class=\"fusion-text fusion-text-1\" style=\"--awb-font-size:20px;--awb-text-color:#1c1c1c;--awb-text-font-family:&quot;Inter&quot;;--awb-text-font-style:normal;--awb-text-font-weight:600;\"><div class=\"vc_row row-internal row-container\">\n<p>Contactez-nous pour un devis gratuit et profitez de notre vaste exp\u00e9rience intersectorielle dans la manipulation de mat\u00e9riaux en vrac.<\/p>\n<\/div>\n<\/div><\/div><\/div><\/div><\/div><div class=\"fusion-fullwidth fullwidth-box fusion-builder-row-2 fusion-flex-container has-pattern-background has-mask-background nonhundred-percent-fullwidth non-hundred-percent-height-scrolling\" style=\"--awb-border-radius-top-left:0px;--awb-border-radius-top-right:0px;--awb-border-radius-bottom-right:0px;--awb-border-radius-bottom-left:0px;--awb-padding-top:6em;--awb-padding-top-small:5em;--awb-flex-wrap:wrap;\" ><div class=\"fusion-builder-row fusion-row fusion-flex-align-items-flex-start fusion-flex-content-wrap\" style=\"max-width:1296px;margin-left: calc(-8% \/ 2 );margin-right: calc(-8% \/ 2 );\"><div class=\"fusion-layout-column fusion_builder_column fusion-builder-column-2 fusion_builder_column_1_2 1_2 fusion-flex-column\" style=\"--awb-bg-size:cover;--awb-width-large:50%;--awb-margin-top-large:0px;--awb-spacing-right-large:7.36%;--awb-margin-bottom-large:20px;--awb-spacing-left-large:7.36%;--awb-width-medium:100%;--awb-order-medium:3;--awb-spacing-right-medium:3.68%;--awb-margin-bottom-medium:4em;--awb-spacing-left-medium:3.68%;--awb-width-small:100%;--awb-order-small:2;--awb-spacing-right-small:3.68%;--awb-margin-bottom-small:4em;--awb-spacing-left-small:3.68%;\" data-scroll-devices=\"small-visibility,medium-visibility,large-visibility\"><div class=\"fusion-column-wrapper fusion-column-has-shadow fusion-flex-justify-content-flex-start fusion-content-layout-column\"><iframe class=\"map-width\" src=\"https:\/\/www.google.com\/maps\/embed?pb=!1m18!1m12!1m3!1d2767.2644616709663!2d-71.29666072322365!3d46.08570569175614!2m3!1f0!2f0!3f0!3m2!1i1024!2i768!4f13.1!3m3!1m2!1s0x4cb831af8cd0a291%3A0xeeb5675e533b87a!2s470%20Rue%20St%20Alphonse-Sud%2C%20Thetford%20Mines%2C%20QC%20G6G%203V8!5e0!3m2!1sen!2sca!4v1770992986016!5m2!1sen!2sca\" width=\"600\" height=\"450\" style=\"border:0;\" allowfullscreen=\"\" loading=\"lazy\" referrerpolicy=\"no-referrer-when-downgrade\"><\/iframe><\/div><\/div><div class=\"fusion-layout-column fusion_builder_column fusion-builder-column-3 fusion_builder_column_1_2 1_2 fusion-flex-column\" style=\"--awb-padding-bottom-small:2em;--awb-bg-size:cover;--awb-width-large:50%;--awb-margin-top-large:0px;--awb-spacing-right-large:7.36%;--awb-margin-bottom-large:20px;--awb-spacing-left-large:7.36%;--awb-width-medium:100%;--awb-order-medium:2;--awb-spacing-right-medium:3.68%;--awb-spacing-left-medium:3.68%;--awb-width-small:100%;--awb-order-small:1;--awb-spacing-right-small:3.68%;--awb-spacing-left-small:3.68%;\" data-scroll-devices=\"small-visibility,medium-visibility,large-visibility\"><div class=\"fusion-column-wrapper fusion-column-has-shadow fusion-flex-justify-content-flex-start fusion-content-layout-column\"><div class=\"fusion-text fusion-text-2\"><h2>Qu\u00e9bec et Canada de l&rsquo;Est, si\u00e8ge social et fabrication<\/h2>\n<p>470 Rue St Alphonse-Sud<br \/>\nThetford Mines, QC G6G 3V8<\/p>\n<p>T\u00e9l : +1 418-338-4682<br \/>\nFax : +1 418-338-4751<br \/>\n<a href=\"mailto:infoqc@continentalconveyor.ca\">infoqc@continentalconveyor.ca<\/a><\/p>\n<\/div><\/div><\/div><div class=\"fusion-layout-column fusion_builder_column fusion-builder-column-4 fusion_builder_column_1_2 1_2 fusion-flex-column\" style=\"--awb-bg-size:cover;--awb-width-large:50%;--awb-margin-top-large:0px;--awb-spacing-right-large:7.36%;--awb-margin-bottom-large:20px;--awb-spacing-left-large:7.36%;--awb-width-medium:100%;--awb-order-medium:3;--awb-spacing-right-medium:3.68%;--awb-margin-bottom-medium:4em;--awb-spacing-left-medium:3.68%;--awb-width-small:100%;--awb-order-small:4;--awb-spacing-right-small:3.68%;--awb-margin-bottom-small:4em;--awb-spacing-left-small:3.68%;\" data-scroll-devices=\"small-visibility,medium-visibility,large-visibility\"><div class=\"fusion-column-wrapper fusion-column-has-shadow fusion-flex-justify-content-flex-start fusion-content-layout-column\"><iframe class=\"map-width\" src=\"https:\/\/www.google.com\/maps\/embed?pb=!1m18!1m12!1m3!1d5531.238694624041!2d-71.29516450570954!3d46.118491471092334!2m3!1f0!2f0!3f0!3m2!1i1024!2i768!4f13.1!3m3!1m2!1s0x4cb830d934e940f7:0x308ade08b146890!2s1781%20Rue%20Setlakwe,%20Thetford%20Mines,%20QC%20G6G%200G4!5e0!3m2!1sen!2sca!4v1744216005626!5m2!1sen!2sca\" width=\"400\" height=\"400\" style=\"border:0;\" allowfullscreen=\"\" loading=\"lazy\" referrerpolicy=\"no-referrer-when-downgrade\"><\/iframe><\/div><\/div><div class=\"fusion-layout-column fusion_builder_column fusion-builder-column-5 fusion_builder_column_1_2 1_2 fusion-flex-column\" style=\"--awb-padding-bottom-small:2em;--awb-bg-size:cover;--awb-width-large:50%;--awb-margin-top-large:0px;--awb-spacing-right-large:7.36%;--awb-margin-bottom-large:20px;--awb-spacing-left-large:7.36%;--awb-width-medium:100%;--awb-order-medium:2;--awb-spacing-right-medium:3.68%;--awb-spacing-left-medium:3.68%;--awb-width-small:100%;--awb-order-small:3;--awb-spacing-right-small:3.68%;--awb-spacing-left-small:3.68%;\" data-scroll-devices=\"small-visibility,medium-visibility,large-visibility\"><div class=\"fusion-column-wrapper fusion-column-has-shadow fusion-flex-justify-content-flex-start fusion-content-layout-column\"><div class=\"fusion-text fusion-text-3\"><h2>Qu\u00e9bec et Canada de l&rsquo;Est, ventes et fabrication<\/h2>\n<p>1781 rue Setlakwe<br \/>\nThetford Mines, Qu\u00e9bec, G6G 8B2, CANADA<br \/>\nT\u00e9l : +1 418-338-4682<br \/>\nFax : +1 418-338-4751<br \/>\n<a href=\"mailto:infoqc@continentalconveyor.ca\">infoqc@continentalconveyor.ca<\/a><\/p>\n<\/div><\/div><\/div><div class=\"fusion-layout-column fusion_builder_column fusion-builder-column-6 fusion_builder_column_1_2 1_2 fusion-flex-column\" style=\"--awb-bg-size:cover;--awb-width-large:50%;--awb-margin-top-large:0px;--awb-spacing-right-large:7.36%;--awb-margin-bottom-large:20px;--awb-spacing-left-large:7.36%;--awb-width-medium:100%;--awb-order-medium:5;--awb-spacing-right-medium:3.68%;--awb-spacing-left-medium:3.68%;--awb-width-small:100%;--awb-order-small:6;--awb-spacing-right-small:3.68%;--awb-spacing-left-small:3.68%;\" data-scroll-devices=\"small-visibility,medium-visibility,large-visibility\"><div class=\"fusion-column-wrapper fusion-column-has-shadow fusion-flex-justify-content-flex-start fusion-content-layout-column\"><iframe class=\"map-width\" src=\"https:\/\/www.google.com\/maps\/embed?pb=!1m18!1m12!1m3!1d2857.3068062983343!2d-76.96052732361737!3d44.262507312809944!2m3!1f0!2f0!3f0!3m2!1i1024!2i768!4f13.1!3m3!1m2!1s0x4cd2ccd85e3cdfed:0x5fda412658659c49!2sContinental%20Conveyor%20(Ontario)%20Ltd!5e0!3m2!1sen!2sca!4v1736891717569!5m2!1sen!2sca\" width=\"400\" height=\"400\" style=\"border:0;\" allowfullscreen=\"\" loading=\"lazy\" referrerpolicy=\"no-referrer-when-downgrade\"><\/iframe><\/div><\/div><div class=\"fusion-layout-column fusion_builder_column fusion-builder-column-7 fusion_builder_column_1_2 1_2 fusion-flex-column\" style=\"--awb-bg-size:cover;--awb-width-large:50%;--awb-margin-top-large:0px;--awb-spacing-right-large:7.36%;--awb-margin-bottom-large:20px;--awb-spacing-left-large:7.36%;--awb-width-medium:100%;--awb-order-medium:4;--awb-spacing-right-medium:3.68%;--awb-spacing-left-medium:3.68%;--awb-width-small:100%;--awb-order-small:5;--awb-spacing-right-small:3.68%;--awb-spacing-left-small:3.68%;\" data-scroll-devices=\"small-visibility,medium-visibility,large-visibility\"><div class=\"fusion-column-wrapper fusion-column-has-shadow fusion-flex-justify-content-flex-start fusion-content-layout-column\"><div class=\"fusion-text fusion-text-4\"><h2>Ontario et Ouest canadien, ventes et fabrication<\/h2>\n<p>100 Boulevard Richmond<br \/>\nNapanee, Ontario, K7R 4A6, CAN<br \/>\nT\u00e9l : +1 613-354-3318<br \/>\nFax : +1 613-354-5789<br \/>\n<a href=\"mailto:salesnap@continentalconveyor.ca\">salesnap@continentalconveyor.ca<\/a><\/p>\n<\/div><\/div><\/div><\/div><\/div><div class=\"fusion-fullwidth fullwidth-box fusion-builder-row-3 fusion-flex-container has-pattern-background has-mask-background nonhundred-percent-fullwidth non-hundred-percent-height-scrolling\" style=\"--awb-border-radius-top-left:0px;--awb-border-radius-top-right:0px;--awb-border-radius-bottom-right:0px;--awb-border-radius-bottom-left:0px;--awb-padding-top:3em;--awb-padding-bottom:3em;--awb-padding-top-small:2.5em;--awb-padding-bottom-small:2.5em;--awb-background-color:var(--awb-color2);--awb-flex-wrap:wrap;\" ><div class=\"fusion-builder-row fusion-row fusion-flex-align-items-flex-start fusion-flex-justify-content-center fusion-flex-content-wrap\" style=\"max-width:1248px;margin-left: calc(-4% \/ 2 );margin-right: calc(-4% \/ 2 );\"><div class=\"fusion-layout-column fusion_builder_column fusion-builder-column-8 fusion_builder_column_1_3 1_3 fusion-flex-column\" style=\"--awb-bg-size:cover;--awb-width-large:33.333333333333%;--awb-margin-top-large:0px;--awb-spacing-right-large:5.76%;--awb-margin-bottom-large:20px;--awb-spacing-left-large:5.76%;--awb-width-medium:33.333333333333%;--awb-order-medium:0;--awb-spacing-right-medium:5.76%;--awb-spacing-left-medium:5.76%;--awb-width-small:100%;--awb-order-small:0;--awb-spacing-right-small:1.92%;--awb-spacing-left-small:1.92%;\"><div class=\"fusion-column-wrapper fusion-column-has-shadow fusion-flex-justify-content-flex-start fusion-content-layout-column\"><div class=\"fusion-title title fusion-title-2 fusion-sep-none fusion-title-text fusion-title-size-four\"><h4 class=\"fusion-title-heading title-heading-left sm-text-align-center fusion-responsive-typography-calculated\" style=\"margin:0;--fontSize:26;line-height:var(--awb-typography1-line-height);\">Carri\u00e8res<\/h4><\/div><\/div><\/div><div class=\"fusion-layout-column fusion_builder_column fusion-builder-column-9 fusion_builder_column_2_3 2_3 fusion-flex-column\" style=\"--awb-bg-size:cover;--awb-width-large:66.666666666667%;--awb-margin-top-large:0px;--awb-spacing-right-large:2.88%;--awb-margin-bottom-large:20px;--awb-spacing-left-large:2.88%;--awb-width-medium:66.666666666667%;--awb-order-medium:0;--awb-spacing-right-medium:2.88%;--awb-spacing-left-medium:2.88%;--awb-width-small:100%;--awb-order-small:0;--awb-spacing-right-small:1.92%;--awb-spacing-left-small:1.92%;\"><div class=\"fusion-column-wrapper fusion-column-has-shadow fusion-flex-justify-content-flex-start fusion-content-layout-column\"><div class=\"fusion-text fusion-text-5 sm-text-align-center\" style=\"--awb-content-alignment:left;\"><p class=\"p1\"><span class=\"s1\">Vous souhaitez rejoindre l&rsquo;\u00e9quipe de Continental Conveyor ? Nous avons de nombreux postes \u00e0 pourvoir et recherchons des candidats qualifi\u00e9s et travailleurs. Int\u00e9ress\u00e9 ? <\/span><\/p>\n<\/div><div class=\"sm-text-align-center\" style=\"text-align:left;\"><a class=\"fusion-button button-flat fusion-button-default-size button-default fusion-button-default button-1 fusion-button-default-span fusion-button-default-type\" style=\"--button_margin-top:1.5em;\" target=\"_blank\" rel=\"noopener noreferrer\" href=\"https:\/\/www.jobillico.com\/fr\/employeurs\/convoyeur-continental-et-usinage-ltee\/voir-liste-emplois\"><span class=\"fusion-button-text awb-button__text awb-button__text--default\">Consulter les postes vacants<\/span><\/a><\/div><\/div><\/div><\/div><\/div><\/p>\n","protected":false},"excerpt":{"rendered":"","protected":false},"author":1,"featured_media":0,"parent":0,"menu_order":0,"comment_status":"closed","ping_status":"closed","template":"100-width.php","meta":{"_acf_changed":false,"footnotes":""},"class_list":["post-6650","page","type-page","status-publish","hentry"],"acf":[],"_links":{"self":[{"href":"https:\/\/continentalconveyor.ca\/fr\/wp-json\/wp\/v2\/pages\/6650","targetHints":{"allow":["GET"]}}],"collection":[{"href":"https:\/\/continentalconveyor.ca\/fr\/wp-json\/wp\/v2\/pages"}],"about":[{"href":"https:\/\/continentalconveyor.ca\/fr\/wp-json\/wp\/v2\/types\/page"}],"author":[{"embeddable":true,"href":"https:\/\/continentalconveyor.ca\/fr\/wp-json\/wp\/v2\/users\/1"}],"replies":[{"embeddable":true,"href":"https:\/\/continentalconveyor.ca\/fr\/wp-json\/wp\/v2\/comments?post=6650"}],"version-history":[{"count":7,"href":"https:\/\/continentalconveyor.ca\/fr\/wp-json\/wp\/v2\/pages\/6650\/revisions"}],"predecessor-version":[{"id":6715,"href":"https:\/\/continentalconveyor.ca\/fr\/wp-json\/wp\/v2\/pages\/6650\/revisions\/6715"}],"wp:attachment":[{"href":"https:\/\/continentalconveyor.ca\/fr\/wp-json\/wp\/v2\/media?parent=6650"}],"curies":[{"name":"wp","href":"https:\/\/api.w.org\/{rel}","templated":true}]}}